{"id":139,"date":"2017-05-04T10:40:02","date_gmt":"2017-05-04T10:40:02","guid":{"rendered":"http:\/\/www.pocapena.com\/?page_id=139"},"modified":"2017-05-04T10:41:06","modified_gmt":"2017-05-04T10:41:06","slug":"historia","status":"publish","type":"page","link":"https:\/\/www.pocapena.com\/?page_id=139","title":{"rendered":"Historia"},"content":{"rendered":"<h2 class=\"Estilo6\" align=\"justify\">Acta fundacional<\/h2>\n<p class=\"Estilo6\" align=\"justify\"><img decoding=\"async\" loading=\"lazy\" class=\"wp-image-4 alignright\" src=\"http:\/\/www.pocapena.com\/wp-content\/uploads\/2017\/04\/escudo_ppp-754x1024.jpg\" alt=\"\" width=\"254\" height=\"345\" srcset=\"https:\/\/www.pocapena.com\/wp-content\/uploads\/2017\/04\/escudo_ppp-754x1024.jpg 754w, https:\/\/www.pocapena.com\/wp-content\/uploads\/2017\/04\/escudo_ppp-221x300.jpg 221w, https:\/\/www.pocapena.com\/wp-content\/uploads\/2017\/04\/escudo_ppp-768x1043.jpg 768w, https:\/\/www.pocapena.com\/wp-content\/uploads\/2017\/04\/escudo_ppp.jpg 1818w\" sizes=\"(max-width: 254px) 100vw, 254px\" \/>En la ciudad de Soria, siendo las 20:30 horas del DIA diez y ocho de abril de mil novecientos cincuenta y seis se constituyo la Pe\u00f1a Poca Pena.<\/p>\n<p class=\"Estilo6\" align=\"justify\">La idea surge del Rvd. Padre Luis de Jes\u00fas Crucificado, Director de la Juventud del Carmelo, quien pronto es secundado por la la Junta Directiva , de dicha Congregaci\u00f3n , compuesta por los j\u00f3venes: Presidente, Pablo Luis Velilla; Secretario, Alfredo Garc\u00eda; Tesorero, Pedro Sanz y Vocales; Cesar del Riego y Carlos P\u00e9rez. El principal motivo de esta constituci\u00f3n, es el dar de a las Fiestas de san Juan un aire nuevo, un aire que hab\u00eda sido iniciado bastantes a\u00f1os antes por algunas pe\u00f1as de amigos, pero que no habr\u00edan llegado a cuajar plenamente y que pasados los a\u00f1os desaparecieron totalmente.<\/p>\n<p class=\"Estilo6\" align=\"justify\">Desde un principio se crey\u00f3 podr\u00eda constituirse esta pe\u00f1a sanjuanera, y r\u00e1pidamente se comenz\u00f3 a trabajar para ello bajo la direcci\u00f3n del Rvd\u00ba Padre Luis.<\/p>\n<p class=\"Estilo6\" align=\"justify\">Los objetivos que con esto se intentaban conseguir fueron varios. El principal era, dar un nuevo rumbo a las fiestas en cuanto a la participaci\u00f3n de toda la juventud Soriana se refiere, intentando dar con ello mayor vistosidad a los festejos, al tiempo que se consegu\u00eda quitar ciertas escenas de gamberrismo que en algunos sectores exist\u00edan.<\/p>\n<p class=\"Estilo6\" align=\"justify\">Asi un mes antes de las fiestas se tuvo una reuni\u00f3n general de todos los componentes de la Juventud del Carmelo, para exponer todos los detalles que en las reuniones de la Junta Directiva se hab\u00edan acordado. En esa reuni\u00f3n se dio una explicaci\u00f3n de lo que la pe\u00f1a seria. A continuaci\u00f3n se procedi\u00f3 a dar de alta a todos los que voluntariamente quisieran pertenecer a la misma. Se alcanzo un numero de ochenta j\u00f3venes.<\/p>\n<p class=\"Estilo6\" align=\"justify\">Mas tarde y ya solo los componentes de la pe\u00f1a, se volvieron a reunir junto con el director de la Juventud del Carmelo, para ultimar algunos detalles, tales como traje que se habr\u00eda que llevar, nombramiento de jurado y otras cosas de menor de importancia. Por lo que se refiere a lo primero, despu\u00e9s de varias sugerencias hechas por algunos de los componentes se acuerda que la vestimenta constar\u00eda de camisa, pantal\u00f3n y alpargatas blancas, llevando adem\u00e1s cada uno de los componentes dela pe\u00f1a un pa\u00f1uelo y una faja verde, as\u00ed como cintas de color verde en las alpargatas, dicho uniforme no habr\u00eda sido exhibido hasta entonces, por nadie en nuestras fiestas de San Juan. por lo que respecta al segundo punto, se acuerda nombrar presidente de la pe\u00f1a a Jes\u00fas.<\/p>\n<p class=\"Estilo6\" align=\"justify\">Aqui podeis ver un articulo de Diario CAMPO SORIANO DE 1960 en el que se habla de nosotros:<\/p>\n<p class=\"Estilo6\" align=\"justify\"><img decoding=\"async\" loading=\"lazy\" width=\"1024\" height=\"600\" class=\"alignnone size-large wp-image-140\" src=\"http:\/\/www.pocapena.com\/wp-content\/uploads\/2017\/05\/PANDA-POCA-PENA-1024x600.jpg\" alt=\"\" srcset=\"https:\/\/www.pocapena.com\/wp-content\/uploads\/2017\/05\/PANDA-POCA-PENA-1024x600.jpg 1024w, https:\/\/www.pocapena.com\/wp-content\/uploads\/2017\/05\/PANDA-POCA-PENA-300x176.jpg 300w, https:\/\/www.pocapena.com\/wp-content\/uploads\/2017\/05\/PANDA-POCA-PENA-768x450.jpg 768w, https:\/\/www.pocapena.com\/wp-content\/uploads\/2017\/05\/PANDA-POCA-PENA-200x117.jpg 200w\" sizes=\"(max-width: 1024px) 100vw, 1024px\" \/><\/p>\n","protected":false},"excerpt":{"rendered":"<p>Acta fundacional En la ciudad de Soria, siendo las 20:30 horas del DIA diez y ocho de abril de mil novecientos cincuenta y seis se constituyo la Pe\u00f1a Poca Pena. La idea surge del Rvd. Padre Luis de Jes\u00fas Crucificado, Director de la Juventud del Carmelo, quien pronto es secundado por la la Junta Directiva [&hellip;]<\/p>\n","protected":false},"author":1,"featured_media":0,"parent":0,"menu_order":0,"comment_status":"closed","ping_status":"closed","template":"","meta":[],"_links":{"self":[{"href":"https:\/\/www.pocapena.com\/index.php?rest_route=\/wp\/v2\/pages\/139"}],"collection":[{"href":"https:\/\/www.pocapena.com\/index.php?rest_route=\/wp\/v2\/pages"}],"about":[{"href":"https:\/\/www.pocapena.com\/index.php?rest_route=\/wp\/v2\/types\/page"}],"author":[{"embeddable":true,"href":"https:\/\/www.pocapena.com\/index.php?rest_route=\/wp\/v2\/users\/1"}],"replies":[{"embeddable":true,"href":"https:\/\/www.pocapena.com\/index.php?rest_route=%2Fwp%2Fv2%2Fcomments&post=139"}],"version-history":[{"count":3,"href":"https:\/\/www.pocapena.com\/index.php?rest_route=\/wp\/v2\/pages\/139\/revisions"}],"predecessor-version":[{"id":144,"href":"https:\/\/www.pocapena.com\/index.php?rest_route=\/wp\/v2\/pages\/139\/revisions\/144"}],"wp:attachment":[{"href":"https:\/\/www.pocapena.com\/index.php?rest_route=%2Fwp%2Fv2%2Fmedia&parent=139"}],"curies":[{"name":"wp","href":"https:\/\/api.w.org\/{rel}","templated":true}]}}